{"id":848,"date":"2026-03-16T14:19:25","date_gmt":"2026-03-16T14:19:25","guid":{"rendered":"https:\/\/lottus.cl\/?page_id=848"},"modified":"2026-04-20T17:52:04","modified_gmt":"2026-04-20T17:52:04","slug":"programas","status":"publish","type":"page","link":"https:\/\/lottus.cl\/index.php\/programas\/","title":{"rendered":"Programas"},"content":{"rendered":"\n<div class=\"wp-block-media-text is-stacked-on-mobile is-vertically-aligned-top is-image-fill-element has-light-gray-background-color has-background\" style=\"border-top-left-radius:13px;border-top-right-radius:13px;border-bottom-left-radius:13px;border-bottom-right-radius:13px;padding-top:var(--wp--preset--spacing--50);padding-right:var(--wp--preset--spacing--40);padding-bottom:var(--wp--preset--spacing--50);padding-left:var(--wp--preset--spacing--40);grid-template-columns:39% auto\"><figure class=\"wp-block-media-text__media\"><a href=\"https:\/\/lottus.cl\/index.php\/2026\/03\/16\/detras-del-amazonas\/\"><img loading=\"lazy\" decoding=\"async\" width=\"1024\" height=\"575\" src=\"https:\/\/lottus.cl\/wp-content\/uploads\/2026\/03\/documental-the-last-tepui-creditos-ryan-valasek-de-national-geographic-1024x575-1.png\" alt=\"\" class=\"wp-image-649 size-full\" style=\"object-position:58% 53%\" srcset=\"https:\/\/lottus.cl\/wp-content\/uploads\/2026\/03\/documental-the-last-tepui-creditos-ryan-valasek-de-national-geographic-1024x575-1.png 1024w, https:\/\/lottus.cl\/wp-content\/uploads\/2026\/03\/documental-the-last-tepui-creditos-ryan-valasek-de-national-geographic-1024x575-1-300x168.png 300w, https:\/\/lottus.cl\/wp-content\/uploads\/2026\/03\/documental-the-last-tepui-creditos-ryan-valasek-de-national-geographic-1024x575-1-768x431.png 768w\" sizes=\"auto, (max-width: 1024px) 100vw, 1024px\" \/><\/a><\/figure><div class=\"wp-block-media-text__content\">\n<p class=\"has-black-color has-brand-background-color has-text-color has-background has-link-color wp-elements-25aa2cc16471a879c10e797ff550fb2b\" style=\"border-top-left-radius:13px;border-top-right-radius:13px;border-bottom-left-radius:13px;border-bottom-right-radius:13px\">Tras el Amazonas<\/p>\n\n\n\n<p class=\"has-muted-gray-color has-text-color has-link-color has-regular-font-size wp-elements-f9a1dada0af24a9d001238b56c432b10\">16:00 a 17:20 Hrs.<\/p>\n\n\n\n<p class=\"has-gray-color has-text-color has-link-color wp-elements-5172dd3f675d251eabd522dafa9fd696\" style=\"font-style:normal;font-weight:400\">En lo mas ondo de la Amazonia Peruana, una expedici\u00f3n intr\u00e9pida en busca de este nuevo ejemplar.<\/p>\n\n\n\n<div class=\"wp-block-buttons is-content-justification-right is-layout-flex wp-container-core-buttons-is-layout-d445cf74 wp-block-buttons-is-layout-flex\">\n<div class=\"wp-block-button is-style-outline is-style-outline--1\"><a class=\"wp-block-button__link has-muted-gray-color has-text-color has-link-color wp-element-button\" href=\"https:\/\/lottus.cl\/index.php\/2026\/03\/16\/detras-del-amazonas\/\" style=\"border-width:2px;border-top-left-radius:61px;border-top-right-radius:61px;border-bottom-left-radius:61px;border-bottom-right-radius:61px\">Ver Mas&#8230;<\/a><\/div>\n<\/div>\n<\/div><\/div>\n\n\n\n<div class=\"wp-block-media-text has-media-on-the-right is-stacked-on-mobile is-vertically-aligned-top is-image-fill-element has-gray-background-color has-background\" style=\"border-top-left-radius:13px;border-top-right-radius:13px;border-bottom-left-radius:13px;border-bottom-right-radius:13px;padding-top:var(--wp--preset--spacing--50);padding-right:var(--wp--preset--spacing--40);padding-bottom:var(--wp--preset--spacing--50);padding-left:var(--wp--preset--spacing--40);grid-template-columns:auto 39%\"><div class=\"wp-block-media-text__content\">\n<p class=\"has-gray-color has-light-gray-background-color has-text-color has-background has-link-color wp-elements-fc60a143b55297c51987fb34af84a8dc\" style=\"border-top-left-radius:13px;border-top-right-radius:13px;border-bottom-left-radius:13px;border-bottom-right-radius:13px\">Tras el Amazonas<\/p>\n\n\n\n<p class=\"has-muted-gray-color has-text-color has-link-color has-regular-font-size wp-elements-f9a1dada0af24a9d001238b56c432b10\">16:00 a 17:20 Hrs.<\/p>\n\n\n\n<p class=\"has-light-gray-color has-text-color has-link-color wp-elements-1bc81bddf478f9485c4ec801c5505fe7\" style=\"font-style:normal;font-weight:400\">En lo mas ondo de la Amazonia Peruana, una expedici\u00f3n intr\u00e9pida en busca de este nuevo ejemplar.<\/p>\n\n\n\n<div class=\"wp-block-buttons is-content-justification-left is-layout-flex wp-container-core-buttons-is-layout-fc4fd283 wp-block-buttons-is-layout-flex\">\n<div class=\"wp-block-button is-style-outline is-style-outline--2\"><a class=\"wp-block-button__link has-muted-gray-color has-text-color has-link-color wp-element-button\" href=\"https:\/\/lottus.cl\/index.php\/2026\/03\/16\/detras-del-amazonas\/\" style=\"border-width:2px;border-top-left-radius:61px;border-top-right-radius:61px;border-bottom-left-radius:61px;border-bottom-right-radius:61px\">Ver Mas&#8230;<\/a><\/div>\n<\/div>\n<\/div><figure class=\"wp-block-media-text__media\"><a href=\"https:\/\/lottus.cl\/index.php\/2026\/03\/16\/detras-del-amazonas\/\"><img loading=\"lazy\" decoding=\"async\" width=\"1024\" height=\"575\" src=\"https:\/\/lottus.cl\/wp-content\/uploads\/2026\/03\/documental-the-last-tepui-creditos-ryan-valasek-de-national-geographic-1024x575-1.png\" alt=\"\" class=\"wp-image-649 size-full\" style=\"object-position:58% 53%\" srcset=\"https:\/\/lottus.cl\/wp-content\/uploads\/2026\/03\/documental-the-last-tepui-creditos-ryan-valasek-de-national-geographic-1024x575-1.png 1024w, https:\/\/lottus.cl\/wp-content\/uploads\/2026\/03\/documental-the-last-tepui-creditos-ryan-valasek-de-national-geographic-1024x575-1-300x168.png 300w, https:\/\/lottus.cl\/wp-content\/uploads\/2026\/03\/documental-the-last-tepui-creditos-ryan-valasek-de-national-geographic-1024x575-1-768x431.png 768w\" sizes=\"auto, (max-width: 1024px) 100vw, 1024px\" \/><\/a><\/figure><\/div>\n","protected":false},"excerpt":{"rendered":"","protected":false},"author":1,"featured_media":0,"parent":0,"menu_order":0,"comment_status":"closed","ping_status":"closed","template":"","meta":{"footnotes":""},"class_list":["post-848","page","type-page","status-publish","hentry"],"magazineBlocksPostFeaturedMedia":{"thumbnail":false,"medium":false,"medium_large":false,"large":false,"1536x1536":false,"2048x2048":false},"magazineBlocksPostAuthor":{"name":"admin","avatar":"https:\/\/secure.gravatar.com\/avatar\/870d20dbaaaeb793e17959e929b3eac14fb7b3790ad428e80c3746fee7d1784b?s=96&d=mm&r=g"},"magazineBlocksPostCommentsNumber":false,"magazineBlocksPostExcerpt":"","magazineBlocksPostCategories":[],"magazineBlocksPostViewCount":0,"magazineBlocksPostReadTime":1,"yoast_head":"<!-- This site is optimized with the Yoast SEO plugin v27.2 - https:\/\/yoast.com\/product\/yoast-seo-wordpress\/ -->\n<title>Programas - Radio UTARAPACA<\/title>\n<meta name=\"robots\" content=\"index, follow, max-snippet:-1, max-image-preview:large, max-video-preview:-1\" \/>\n<link rel=\"canonical\" href=\"https:\/\/lottus.cl\/index.php\/programas\/\" \/>\n<meta property=\"og:locale\" content=\"es_ES\" \/>\n<meta property=\"og:type\" content=\"article\" \/>\n<meta property=\"og:title\" content=\"Programas - Radio UTARAPACA\" \/>\n<meta property=\"og:url\" content=\"https:\/\/lottus.cl\/index.php\/programas\/\" \/>\n<meta property=\"og:site_name\" content=\"Radio UTARAPACA\" \/>\n<meta property=\"article:modified_time\" content=\"2026-04-20T17:52:04+00:00\" \/>\n<meta property=\"og:image\" content=\"https:\/\/lottus.cl\/wp-content\/uploads\/2026\/03\/documental-the-last-tepui-creditos-ryan-valasek-de-national-geographic-1024x575-1.png\" \/>\n\t<meta property=\"og:image:width\" content=\"1024\" \/>\n\t<meta property=\"og:image:height\" content=\"575\" \/>\n\t<meta property=\"og:image:type\" content=\"image\/png\" \/>\n<meta name=\"twitter:card\" content=\"summary_large_image\" \/>\n<meta name=\"twitter:label1\" content=\"Tiempo de lectura\" \/>\n\t<meta name=\"twitter:data1\" content=\"1 minuto\" \/>\n<script type=\"application\/ld+json\" class=\"yoast-schema-graph\">{\"@context\":\"https:\/\/schema.org\",\"@graph\":[{\"@type\":\"WebPage\",\"@id\":\"https:\/\/lottus.cl\/index.php\/programas\/\",\"url\":\"https:\/\/lottus.cl\/index.php\/programas\/\",\"name\":\"Programas - Radio UTARAPACA\",\"isPartOf\":{\"@id\":\"https:\/\/lottus.cl\/#website\"},\"primaryImageOfPage\":{\"@id\":\"https:\/\/lottus.cl\/index.php\/programas\/#primaryimage\"},\"image\":{\"@id\":\"https:\/\/lottus.cl\/index.php\/programas\/#primaryimage\"},\"thumbnailUrl\":\"https:\/\/lottus.cl\/wp-content\/uploads\/2026\/03\/documental-the-last-tepui-creditos-ryan-valasek-de-national-geographic-1024x575-1.png\",\"datePublished\":\"2026-03-16T14:19:25+00:00\",\"dateModified\":\"2026-04-20T17:52:04+00:00\",\"breadcrumb\":{\"@id\":\"https:\/\/lottus.cl\/index.php\/programas\/#breadcrumb\"},\"inLanguage\":\"es\",\"potentialAction\":[{\"@type\":\"ReadAction\",\"target\":[\"https:\/\/lottus.cl\/index.php\/programas\/\"]}]},{\"@type\":\"ImageObject\",\"inLanguage\":\"es\",\"@id\":\"https:\/\/lottus.cl\/index.php\/programas\/#primaryimage\",\"url\":\"https:\/\/lottus.cl\/wp-content\/uploads\/2026\/03\/documental-the-last-tepui-creditos-ryan-valasek-de-national-geographic-1024x575-1.png\",\"contentUrl\":\"https:\/\/lottus.cl\/wp-content\/uploads\/2026\/03\/documental-the-last-tepui-creditos-ryan-valasek-de-national-geographic-1024x575-1.png\",\"width\":1024,\"height\":575},{\"@type\":\"BreadcrumbList\",\"@id\":\"https:\/\/lottus.cl\/index.php\/programas\/#breadcrumb\",\"itemListElement\":[{\"@type\":\"ListItem\",\"position\":1,\"name\":\"Portada\",\"item\":\"https:\/\/lottus.cl\/\"},{\"@type\":\"ListItem\",\"position\":2,\"name\":\"Programas\"}]},{\"@type\":\"WebSite\",\"@id\":\"https:\/\/lottus.cl\/#website\",\"url\":\"https:\/\/lottus.cl\/\",\"name\":\"Radio UTARAPACA\",\"description\":\"XX A\u00f1os acompa\u00f1\u00e1ndote\",\"publisher\":{\"@id\":\"https:\/\/lottus.cl\/#organization\"},\"potentialAction\":[{\"@type\":\"SearchAction\",\"target\":{\"@type\":\"EntryPoint\",\"urlTemplate\":\"https:\/\/lottus.cl\/?s={search_term_string}\"},\"query-input\":{\"@type\":\"PropertyValueSpecification\",\"valueRequired\":true,\"valueName\":\"search_term_string\"}}],\"inLanguage\":\"es\"},{\"@type\":\"Organization\",\"@id\":\"https:\/\/lottus.cl\/#organization\",\"name\":\"Radio UTARAPACA\",\"url\":\"https:\/\/lottus.cl\/\",\"logo\":{\"@type\":\"ImageObject\",\"inLanguage\":\"es\",\"@id\":\"https:\/\/lottus.cl\/#\/schema\/logo\/image\/\",\"url\":\"https:\/\/lottus.cl\/wp-content\/uploads\/2026\/04\/UTA_95.9Fm.png\",\"contentUrl\":\"https:\/\/lottus.cl\/wp-content\/uploads\/2026\/04\/UTA_95.9Fm.png\",\"width\":1662,\"height\":529,\"caption\":\"Radio UTARAPACA\"},\"image\":{\"@id\":\"https:\/\/lottus.cl\/#\/schema\/logo\/image\/\"}}]}<\/script>\n<!-- \/ Yoast SEO plugin. -->","yoast_head_json":{"title":"Programas - Radio UTARAPACA","robots":{"index":"index","follow":"follow","max-snippet":"max-snippet:-1","max-image-preview":"max-image-preview:large","max-video-preview":"max-video-preview:-1"},"canonical":"https:\/\/lottus.cl\/index.php\/programas\/","og_locale":"es_ES","og_type":"article","og_title":"Programas - Radio UTARAPACA","og_url":"https:\/\/lottus.cl\/index.php\/programas\/","og_site_name":"Radio UTARAPACA","article_modified_time":"2026-04-20T17:52:04+00:00","og_image":[{"width":1024,"height":575,"url":"https:\/\/lottus.cl\/wp-content\/uploads\/2026\/03\/documental-the-last-tepui-creditos-ryan-valasek-de-national-geographic-1024x575-1.png","type":"image\/png"}],"twitter_card":"summary_large_image","twitter_misc":{"Tiempo de lectura":"1 minuto"},"schema":{"@context":"https:\/\/schema.org","@graph":[{"@type":"WebPage","@id":"https:\/\/lottus.cl\/index.php\/programas\/","url":"https:\/\/lottus.cl\/index.php\/programas\/","name":"Programas - Radio UTARAPACA","isPartOf":{"@id":"https:\/\/lottus.cl\/#website"},"primaryImageOfPage":{"@id":"https:\/\/lottus.cl\/index.php\/programas\/#primaryimage"},"image":{"@id":"https:\/\/lottus.cl\/index.php\/programas\/#primaryimage"},"thumbnailUrl":"https:\/\/lottus.cl\/wp-content\/uploads\/2026\/03\/documental-the-last-tepui-creditos-ryan-valasek-de-national-geographic-1024x575-1.png","datePublished":"2026-03-16T14:19:25+00:00","dateModified":"2026-04-20T17:52:04+00:00","breadcrumb":{"@id":"https:\/\/lottus.cl\/index.php\/programas\/#breadcrumb"},"inLanguage":"es","potentialAction":[{"@type":"ReadAction","target":["https:\/\/lottus.cl\/index.php\/programas\/"]}]},{"@type":"ImageObject","inLanguage":"es","@id":"https:\/\/lottus.cl\/index.php\/programas\/#primaryimage","url":"https:\/\/lottus.cl\/wp-content\/uploads\/2026\/03\/documental-the-last-tepui-creditos-ryan-valasek-de-national-geographic-1024x575-1.png","contentUrl":"https:\/\/lottus.cl\/wp-content\/uploads\/2026\/03\/documental-the-last-tepui-creditos-ryan-valasek-de-national-geographic-1024x575-1.png","width":1024,"height":575},{"@type":"BreadcrumbList","@id":"https:\/\/lottus.cl\/index.php\/programas\/#breadcrumb","itemListElement":[{"@type":"ListItem","position":1,"name":"Portada","item":"https:\/\/lottus.cl\/"},{"@type":"ListItem","position":2,"name":"Programas"}]},{"@type":"WebSite","@id":"https:\/\/lottus.cl\/#website","url":"https:\/\/lottus.cl\/","name":"Radio UTARAPACA","description":"XX A\u00f1os acompa\u00f1\u00e1ndote","publisher":{"@id":"https:\/\/lottus.cl\/#organization"},"potentialAction":[{"@type":"SearchAction","target":{"@type":"EntryPoint","urlTemplate":"https:\/\/lottus.cl\/?s={search_term_string}"},"query-input":{"@type":"PropertyValueSpecification","valueRequired":true,"valueName":"search_term_string"}}],"inLanguage":"es"},{"@type":"Organization","@id":"https:\/\/lottus.cl\/#organization","name":"Radio UTARAPACA","url":"https:\/\/lottus.cl\/","logo":{"@type":"ImageObject","inLanguage":"es","@id":"https:\/\/lottus.cl\/#\/schema\/logo\/image\/","url":"https:\/\/lottus.cl\/wp-content\/uploads\/2026\/04\/UTA_95.9Fm.png","contentUrl":"https:\/\/lottus.cl\/wp-content\/uploads\/2026\/04\/UTA_95.9Fm.png","width":1662,"height":529,"caption":"Radio UTARAPACA"},"image":{"@id":"https:\/\/lottus.cl\/#\/schema\/logo\/image\/"}}]}},"_links":{"self":[{"href":"https:\/\/lottus.cl\/index.php\/wp-json\/wp\/v2\/pages\/848","targetHints":{"allow":["GET"]}}],"collection":[{"href":"https:\/\/lottus.cl\/index.php\/wp-json\/wp\/v2\/pages"}],"about":[{"href":"https:\/\/lottus.cl\/index.php\/wp-json\/wp\/v2\/types\/page"}],"author":[{"embeddable":true,"href":"https:\/\/lottus.cl\/index.php\/wp-json\/wp\/v2\/users\/1"}],"replies":[{"embeddable":true,"href":"https:\/\/lottus.cl\/index.php\/wp-json\/wp\/v2\/comments?post=848"}],"version-history":[{"count":24,"href":"https:\/\/lottus.cl\/index.php\/wp-json\/wp\/v2\/pages\/848\/revisions"}],"predecessor-version":[{"id":1416,"href":"https:\/\/lottus.cl\/index.php\/wp-json\/wp\/v2\/pages\/848\/revisions\/1416"}],"wp:attachment":[{"href":"https:\/\/lottus.cl\/index.php\/wp-json\/wp\/v2\/media?parent=848"}],"curies":[{"name":"wp","href":"https:\/\/api.w.org\/{rel}","templated":true}]}}